{"id":234,"date":"2025-07-22T12:35:12","date_gmt":"2025-07-22T12:35:12","guid":{"rendered":"https:\/\/le-place-neuve.ms2.decms.eu\/events\/salle-de-reunion\/"},"modified":"2025-10-07T10:22:03","modified_gmt":"2025-10-07T10:22:03","slug":"meeting-room","status":"publish","type":"page","link":"https:\/\/www.leplaceneuve.fr\/en\/events\/meeting-room\/","title":{"rendered":"Meeting Room"},"content":{"rendered":"<p style=\"text-align: center;\"><span style=\"font-weight: 400;\">For your professional meetings and business events in the Rh\u00f4ne-Alpes region in France, Le Place Neuve offers a fully dedicated space. Our private room is designed to ensure the success of your event, combining functionality and comfort in a peaceful, refined setting in the heart of the Monts du Lyonnais.<\/span><\/p>\n<p style=\"text-align: center;\"><span style=\"font-weight: 400;\">The room can host up to 25 participants and is equipped with a state-of-the-art flat-screen TV, compatible with all types of multimedia devices, perfect for smooth and efficient presentations. Whether you&#8217;re planning a study day, training session, executive committee meeting, or team-building workshop, our space can be tailored to your specific needs.<\/span><\/p>\n<p style=\"text-align: center;\"><b>Tailor-made packages in a friendly atmosphere<\/b><\/p>\n<p style=\"text-align: center;\"><span style=\"font-weight: 400;\">We offer fully personalized packages to match your expectations. From a welcome breakfast to gourmet coffee breaks and lunch at the restaurant, every detail is taken care of to ensure a seamless event. The peaceful setting of the hotel encourages focus, productive exchanges, and collaboration. At Le Place Neuve, professionalism meets a warm and relaxed atmosphere, making it the ideal location for your seminars near Lyon, France.<\/span><\/p>\n<p style=\"text-align: center;\"><b>Convenient location, between city and countryside<\/b><\/p>\n<p style=\"text-align: center;\"><span style=\"font-weight: 400;\">Just 40 minutes from Lyon, Le Place Neuve enjoys a peaceful yet easily accessible location\u2014far enough to escape the urban hustle, yet close enough for convenience. We are also 50 minutes from Villefranche-sur-Sa\u00f4ne, and 60 minutes from Roanne, Saint-\u00c9tienne, and Lyon-Saint Exup\u00e9ry Airport. It\u2019s the perfect central meeting point to bring your team together without hassle.<\/span><\/p>\n<p>&nbsp;<\/p>\n","protected":false},"excerpt":{"rendered":"<p>For your professional meetings and business events in the Rh\u00f4ne-Alpes region in France, Le Place Neuve offers a fully dedicated space. Our private room is designed to ensure the success of your event, combining functionality and comfort in a peaceful, refined setting in the heart of the Monts du Lyonnais. The room can host up [&hellip;]<\/p>\n","protected":false},"author":27,"featured_media":0,"parent":232,"menu_order":1,"comment_status":"closed","ping_status":"closed","template":"template-single-meeting.php","meta":{"footnotes":""},"yoast_head":"<!-- This site is optimized with the Yoast SEO plugin v22.3 - https:\/\/yoast.com\/wordpress\/plugins\/seo\/ -->\n<title>Seminar in the countryside near Lyon France | Le Place Neuve<\/title>\n<meta name=\"description\" content=\"Planning a seminar in France near Lyon? Le Place Neuve offers a fully equipped meeting room, homemade cuisine and a peaceful green setting in Brullioles.\" \/>\n<meta name=\"robots\" content=\"index, follow, max-snippet:-1, max-image-preview:large, max-video-preview:-1\" \/>\n<link rel=\"canonical\" href=\"https:\/\/www.leplaceneuve.fr\/en\/events\/meeting-room\/\" \/>\n<meta property=\"og:locale\" content=\"en_US\" \/>\n<meta property=\"og:type\" content=\"article\" \/>\n<meta property=\"og:title\" content=\"Seminar in the countryside near Lyon France | Le Place Neuve\" \/>\n<meta property=\"og:description\" content=\"Planning a seminar in France near Lyon? Le Place Neuve offers a fully equipped meeting room, homemade cuisine and a peaceful green setting in Brullioles.\" \/>\n<meta property=\"og:url\" content=\"https:\/\/www.leplaceneuve.fr\/en\/events\/meeting-room\/\" \/>\n<meta property=\"og:site_name\" content=\"Le Place Neuve\" \/>\n<meta property=\"article:modified_time\" content=\"2025-10-07T10:22:03+00:00\" \/>\n<meta name=\"twitter:card\" content=\"summary_large_image\" \/>\n<meta name=\"twitter:label1\" content=\"Est. reading time\" \/>\n\t<meta name=\"twitter:data1\" content=\"2 minutes\" \/>\n<script type=\"application\/ld+json\" class=\"yoast-schema-graph\">{\"@context\":\"https:\/\/schema.org\",\"@graph\":[{\"@type\":\"WebPage\",\"@id\":\"https:\/\/www.leplaceneuve.fr\/en\/events\/meeting-room\/\",\"url\":\"https:\/\/www.leplaceneuve.fr\/en\/events\/meeting-room\/\",\"name\":\"Seminar in the countryside near Lyon France | Le Place Neuve\",\"isPartOf\":{\"@id\":\"https:\/\/www.leplaceneuve.fr\/en\/#website\"},\"datePublished\":\"2025-07-22T12:35:12+00:00\",\"dateModified\":\"2025-10-07T10:22:03+00:00\",\"description\":\"Planning a seminar in France near Lyon? Le Place Neuve offers a fully equipped meeting room, homemade cuisine and a peaceful green setting in Brullioles.\",\"breadcrumb\":{\"@id\":\"https:\/\/www.leplaceneuve.fr\/en\/events\/meeting-room\/#breadcrumb\"},\"inLanguage\":\"en-US\",\"potentialAction\":[{\"@type\":\"ReadAction\",\"target\":[\"https:\/\/www.leplaceneuve.fr\/en\/events\/meeting-room\/\"]}]},{\"@type\":\"BreadcrumbList\",\"@id\":\"https:\/\/www.leplaceneuve.fr\/en\/events\/meeting-room\/#breadcrumb\",\"itemListElement\":[{\"@type\":\"ListItem\",\"position\":1,\"name\":\"Home\",\"item\":\"https:\/\/www.leplaceneuve.fr\/en\/\"},{\"@type\":\"ListItem\",\"position\":2,\"name\":\"Events\",\"item\":\"https:\/\/www.leplaceneuve.fr\/en\/events\/\"},{\"@type\":\"ListItem\",\"position\":3,\"name\":\"Meeting Room\"}]},{\"@type\":\"WebSite\",\"@id\":\"https:\/\/www.leplaceneuve.fr\/en\/#website\",\"url\":\"https:\/\/www.leplaceneuve.fr\/en\/\",\"name\":\"Le Place Neuve\",\"description\":\"\",\"publisher\":{\"@id\":\"https:\/\/www.leplaceneuve.fr\/en\/#organization\"},\"potentialAction\":[{\"@type\":\"SearchAction\",\"target\":{\"@type\":\"EntryPoint\",\"urlTemplate\":\"https:\/\/www.leplaceneuve.fr\/en\/?s={search_term_string}\"},\"query-input\":\"required name=search_term_string\"}],\"inLanguage\":\"en-US\"},{\"@type\":\"Organization\",\"@id\":\"https:\/\/www.leplaceneuve.fr\/en\/#organization\",\"name\":\"Le Place Neuve\",\"url\":\"https:\/\/www.leplaceneuve.fr\/en\/\",\"logo\":{\"@type\":\"ImageObject\",\"inLanguage\":\"en-US\",\"@id\":\"https:\/\/www.leplaceneuve.fr\/en\/#\/schema\/logo\/image\/\",\"url\":\"https:\/\/le-place-neuve.ms2.decms.eu\/wp-content\/uploads\/sites\/261\/2025\/07\/Logo-fond-blanc-Le-Place-Neuve.png\",\"contentUrl\":\"https:\/\/le-place-neuve.ms2.decms.eu\/wp-content\/uploads\/sites\/261\/2025\/07\/Logo-fond-blanc-Le-Place-Neuve.png\",\"width\":500,\"height\":500,\"caption\":\"Le Place Neuve\"},\"image\":{\"@id\":\"https:\/\/www.leplaceneuve.fr\/en\/#\/schema\/logo\/image\/\"}}]}<\/script>\n<!-- \/ Yoast SEO plugin. -->","yoast_head_json":{"title":"Seminar in the countryside near Lyon France | Le Place Neuve","description":"Planning a seminar in France near Lyon? Le Place Neuve offers a fully equipped meeting room, homemade cuisine and a peaceful green setting in Brullioles.","robots":{"index":"index","follow":"follow","max-snippet":"max-snippet:-1","max-image-preview":"max-image-preview:large","max-video-preview":"max-video-preview:-1"},"canonical":"https:\/\/www.leplaceneuve.fr\/en\/events\/meeting-room\/","og_locale":"en_US","og_type":"article","og_title":"Seminar in the countryside near Lyon France | Le Place Neuve","og_description":"Planning a seminar in France near Lyon? Le Place Neuve offers a fully equipped meeting room, homemade cuisine and a peaceful green setting in Brullioles.","og_url":"https:\/\/www.leplaceneuve.fr\/en\/events\/meeting-room\/","og_site_name":"Le Place Neuve","article_modified_time":"2025-10-07T10:22:03+00:00","twitter_card":"summary_large_image","twitter_misc":{"Est. reading time":"2 minutes"},"schema":{"@context":"https:\/\/schema.org","@graph":[{"@type":"WebPage","@id":"https:\/\/www.leplaceneuve.fr\/en\/events\/meeting-room\/","url":"https:\/\/www.leplaceneuve.fr\/en\/events\/meeting-room\/","name":"Seminar in the countryside near Lyon France | Le Place Neuve","isPartOf":{"@id":"https:\/\/www.leplaceneuve.fr\/en\/#website"},"datePublished":"2025-07-22T12:35:12+00:00","dateModified":"2025-10-07T10:22:03+00:00","description":"Planning a seminar in France near Lyon? Le Place Neuve offers a fully equipped meeting room, homemade cuisine and a peaceful green setting in Brullioles.","breadcrumb":{"@id":"https:\/\/www.leplaceneuve.fr\/en\/events\/meeting-room\/#breadcrumb"},"inLanguage":"en-US","potentialAction":[{"@type":"ReadAction","target":["https:\/\/www.leplaceneuve.fr\/en\/events\/meeting-room\/"]}]},{"@type":"BreadcrumbList","@id":"https:\/\/www.leplaceneuve.fr\/en\/events\/meeting-room\/#breadcrumb","itemListElement":[{"@type":"ListItem","position":1,"name":"Home","item":"https:\/\/www.leplaceneuve.fr\/en\/"},{"@type":"ListItem","position":2,"name":"Events","item":"https:\/\/www.leplaceneuve.fr\/en\/events\/"},{"@type":"ListItem","position":3,"name":"Meeting Room"}]},{"@type":"WebSite","@id":"https:\/\/www.leplaceneuve.fr\/en\/#website","url":"https:\/\/www.leplaceneuve.fr\/en\/","name":"Le Place Neuve","description":"","publisher":{"@id":"https:\/\/www.leplaceneuve.fr\/en\/#organization"},"potentialAction":[{"@type":"SearchAction","target":{"@type":"EntryPoint","urlTemplate":"https:\/\/www.leplaceneuve.fr\/en\/?s={search_term_string}"},"query-input":"required name=search_term_string"}],"inLanguage":"en-US"},{"@type":"Organization","@id":"https:\/\/www.leplaceneuve.fr\/en\/#organization","name":"Le Place Neuve","url":"https:\/\/www.leplaceneuve.fr\/en\/","logo":{"@type":"ImageObject","inLanguage":"en-US","@id":"https:\/\/www.leplaceneuve.fr\/en\/#\/schema\/logo\/image\/","url":"https:\/\/le-place-neuve.ms2.decms.eu\/wp-content\/uploads\/sites\/261\/2025\/07\/Logo-fond-blanc-Le-Place-Neuve.png","contentUrl":"https:\/\/le-place-neuve.ms2.decms.eu\/wp-content\/uploads\/sites\/261\/2025\/07\/Logo-fond-blanc-Le-Place-Neuve.png","width":500,"height":500,"caption":"Le Place Neuve"},"image":{"@id":"https:\/\/www.leplaceneuve.fr\/en\/#\/schema\/logo\/image\/"}}]}},"acf":[],"_links":{"self":[{"href":"https:\/\/www.leplaceneuve.fr\/en\/wp-json\/wp\/v2\/pages\/234"}],"collection":[{"href":"https:\/\/www.leplaceneuve.fr\/en\/wp-json\/wp\/v2\/pages"}],"about":[{"href":"https:\/\/www.leplaceneuve.fr\/en\/wp-json\/wp\/v2\/types\/page"}],"author":[{"embeddable":true,"href":"https:\/\/www.leplaceneuve.fr\/en\/wp-json\/wp\/v2\/users\/27"}],"replies":[{"embeddable":true,"href":"https:\/\/www.leplaceneuve.fr\/en\/wp-json\/wp\/v2\/comments?post=234"}],"version-history":[{"count":0,"href":"https:\/\/www.leplaceneuve.fr\/en\/wp-json\/wp\/v2\/pages\/234\/revisions"}],"up":[{"embeddable":true,"href":"https:\/\/www.leplaceneuve.fr\/en\/wp-json\/wp\/v2\/pages\/232"}],"wp:attachment":[{"href":"https:\/\/www.leplaceneuve.fr\/en\/wp-json\/wp\/v2\/media?parent=234"}],"curies":[{"name":"wp","href":"https:\/\/api.w.org\/{rel}","templated":true}]}}